{"id":1595,"date":"2025-02-17T17:08:40","date_gmt":"2025-02-17T15:08:40","guid":{"rendered":"https:\/\/bk-site-amp10.top\/?page_id=1595"},"modified":"2026-03-06T16:33:36","modified_gmt":"2026-03-06T14:33:36","slug":"home-az","status":"publish","type":"page","link":"https:\/\/bk-site-amp10.top\/","title":{"rendered":"Home AZ"},"content":{"rendered":"","protected":false},"excerpt":{"rendered":"","protected":false},"author":1,"featured_media":0,"parent":0,"menu_order":0,"comment_status":"closed","ping_status":"closed","template":"home.php","meta":{"_acf_changed":false,"footnotes":""},"class_list":["post-1595","page","type-page","status-publish","hentry"],"acf":[],"yoast_head":"<!-- This site is optimized with the Yoast SEO plugin v27.3 - https:\/\/yoast.com\/product\/yoast-seo-wordpress\/ -->\n<title>1xbet AZ | 1xbet indir \ud83d\udcf2 giri\u015f v\u0259 ya qeydiyyatdan ke\u00e7in<\/title>\n<meta name=\"description\" content=\"1xbet indir v\u0259 1xbet AZ-a daxil olun. Biz Az\u0259rbaycanda idman m\u0259rcl\u0259ri v\u0259 kazino oyunlar\u0131n\u0131n geni\u015f \u00e7e\u015fidini t\u0259klif edirik. Qeydiyyatdan ke\u00e7in v\u0259 ekskl\u00fcziv bonuslar v\u0259 promosyonlardan yararlan\u0131n\" \/>\n<meta name=\"robots\" content=\"index, follow, max-snippet:-1, max-image-preview:large, max-video-preview:-1\" \/>\n<link rel=\"canonical\" href=\"https:\/\/bk-site-amp10.top\/az-azer\/\" \/>\n<meta property=\"og:locale\" content=\"ru_RU\" \/>\n<meta property=\"og:type\" content=\"article\" \/>\n<meta property=\"og:title\" content=\"1xbet AZ | 1xbet indir \ud83d\udcf2 giri\u015f v\u0259 ya qeydiyyatdan ke\u00e7in\" \/>\n<meta property=\"og:description\" content=\"1xbet indir v\u0259 1xbet AZ-a daxil olun. Biz Az\u0259rbaycanda idman m\u0259rcl\u0259ri v\u0259 kazino oyunlar\u0131n\u0131n geni\u015f \u00e7e\u015fidini t\u0259klif edirik. Qeydiyyatdan ke\u00e7in v\u0259 ekskl\u00fcziv bonuslar v\u0259 promosyonlardan yararlan\u0131n\" \/>\n<meta property=\"og:url\" content=\"https:\/\/bk-site-amp10.top\/az-azer\/\" \/>\n<meta property=\"og:site_name\" content=\"bk-site-amp10.top\" \/>\n<meta property=\"article:modified_time\" content=\"2026-03-06T14:33:36+00:00\" \/>\n<meta name=\"twitter:card\" content=\"summary_large_image\" \/>\n<script type=\"application\/ld+json\" class=\"yoast-schema-graph\">{\"@context\":\"https:\\\/\\\/schema.org\",\"@graph\":[{\"@type\":\"WebPage\",\"@id\":\"https:\\\/\\\/bk-site-amp10.top\\\/\",\"url\":\"https:\\\/\\\/bk-site-amp10.top\\\/az-azer\\\/\",\"name\":\"1xbet AZ | 1xbet indir \ud83d\udcf2 giri\u015f v\u0259 ya qeydiyyatdan ke\u00e7in\",\"isPartOf\":{\"@id\":\"https:\\\/\\\/bk-site-amp10.top\\\/#website\"},\"datePublished\":\"2025-02-17T15:08:40+00:00\",\"dateModified\":\"2026-03-06T14:33:36+00:00\",\"description\":\"1xbet indir v\u0259 1xbet AZ-a daxil olun. Biz Az\u0259rbaycanda idman m\u0259rcl\u0259ri v\u0259 kazino oyunlar\u0131n\u0131n geni\u015f \u00e7e\u015fidini t\u0259klif edirik. Qeydiyyatdan ke\u00e7in v\u0259 ekskl\u00fcziv bonuslar v\u0259 promosyonlardan yararlan\u0131n\",\"breadcrumb\":{\"@id\":\"https:\\\/\\\/bk-site-amp10.top\\\/az-azer\\\/#breadcrumb\"},\"inLanguage\":\"ru-RU\",\"potentialAction\":[{\"@type\":\"ReadAction\",\"target\":[\"https:\\\/\\\/bk-site-amp10.top\\\/az-azer\\\/\"]}]},{\"@type\":\"BreadcrumbList\",\"@id\":\"https:\\\/\\\/bk-site-amp10.top\\\/az-azer\\\/#breadcrumb\",\"itemListElement\":[{\"@type\":\"ListItem\",\"position\":1,\"name\":\"\u0413\u043b\u0430\u0432\u043d\u0430\u044f \u0441\u0442\u0440\u0430\u043d\u0438\u0446\u0430\",\"item\":\"https:\\\/\\\/bk-site-amp10.top\\\/\"},{\"@type\":\"ListItem\",\"position\":2,\"name\":\"Home AZ\"}]},{\"@type\":\"WebSite\",\"@id\":\"https:\\\/\\\/bk-site-amp10.top\\\/#website\",\"url\":\"https:\\\/\\\/bk-site-amp10.top\\\/\",\"name\":\"bk-site-amp10.top\",\"description\":\"\",\"potentialAction\":[{\"@type\":\"SearchAction\",\"target\":{\"@type\":\"EntryPoint\",\"urlTemplate\":\"https:\\\/\\\/bk-site-amp10.top\\\/?s={search_term_string}\"},\"query-input\":{\"@type\":\"PropertyValueSpecification\",\"valueRequired\":true,\"valueName\":\"search_term_string\"}}],\"inLanguage\":\"ru-RU\"}]}<\/script>\n<!-- \/ Yoast SEO plugin. -->","yoast_head_json":{"title":"1xbet AZ | 1xbet indir \ud83d\udcf2 giri\u015f v\u0259 ya qeydiyyatdan ke\u00e7in","description":"1xbet indir v\u0259 1xbet AZ-a daxil olun. Biz Az\u0259rbaycanda idman m\u0259rcl\u0259ri v\u0259 kazino oyunlar\u0131n\u0131n geni\u015f \u00e7e\u015fidini t\u0259klif edirik. Qeydiyyatdan ke\u00e7in v\u0259 ekskl\u00fcziv bonuslar v\u0259 promosyonlardan yararlan\u0131n","robots":{"index":"index","follow":"follow","max-snippet":"max-snippet:-1","max-image-preview":"max-image-preview:large","max-video-preview":"max-video-preview:-1"},"canonical":"https:\/\/bk-site-amp10.top\/az-azer\/","og_locale":"ru_RU","og_type":"article","og_title":"1xbet AZ | 1xbet indir \ud83d\udcf2 giri\u015f v\u0259 ya qeydiyyatdan ke\u00e7in","og_description":"1xbet indir v\u0259 1xbet AZ-a daxil olun. Biz Az\u0259rbaycanda idman m\u0259rcl\u0259ri v\u0259 kazino oyunlar\u0131n\u0131n geni\u015f \u00e7e\u015fidini t\u0259klif edirik. Qeydiyyatdan ke\u00e7in v\u0259 ekskl\u00fcziv bonuslar v\u0259 promosyonlardan yararlan\u0131n","og_url":"https:\/\/bk-site-amp10.top\/az-azer\/","og_site_name":"bk-site-amp10.top","article_modified_time":"2026-03-06T14:33:36+00:00","twitter_card":"summary_large_image","schema":{"@context":"https:\/\/schema.org","@graph":[{"@type":"WebPage","@id":"https:\/\/bk-site-amp10.top\/","url":"https:\/\/bk-site-amp10.top\/az-azer\/","name":"1xbet AZ | 1xbet indir \ud83d\udcf2 giri\u015f v\u0259 ya qeydiyyatdan ke\u00e7in","isPartOf":{"@id":"https:\/\/bk-site-amp10.top\/#website"},"datePublished":"2025-02-17T15:08:40+00:00","dateModified":"2026-03-06T14:33:36+00:00","description":"1xbet indir v\u0259 1xbet AZ-a daxil olun. Biz Az\u0259rbaycanda idman m\u0259rcl\u0259ri v\u0259 kazino oyunlar\u0131n\u0131n geni\u015f \u00e7e\u015fidini t\u0259klif edirik. Qeydiyyatdan ke\u00e7in v\u0259 ekskl\u00fcziv bonuslar v\u0259 promosyonlardan yararlan\u0131n","breadcrumb":{"@id":"https:\/\/bk-site-amp10.top\/az-azer\/#breadcrumb"},"inLanguage":"ru-RU","potentialAction":[{"@type":"ReadAction","target":["https:\/\/bk-site-amp10.top\/az-azer\/"]}]},{"@type":"BreadcrumbList","@id":"https:\/\/bk-site-amp10.top\/az-azer\/#breadcrumb","itemListElement":[{"@type":"ListItem","position":1,"name":"\u0413\u043b\u0430\u0432\u043d\u0430\u044f \u0441\u0442\u0440\u0430\u043d\u0438\u0446\u0430","item":"https:\/\/bk-site-amp10.top\/"},{"@type":"ListItem","position":2,"name":"Home AZ"}]},{"@type":"WebSite","@id":"https:\/\/bk-site-amp10.top\/#website","url":"https:\/\/bk-site-amp10.top\/","name":"bk-site-amp10.top","description":"","potentialAction":[{"@type":"SearchAction","target":{"@type":"EntryPoint","urlTemplate":"https:\/\/bk-site-amp10.top\/?s={search_term_string}"},"query-input":{"@type":"PropertyValueSpecification","valueRequired":true,"valueName":"search_term_string"}}],"inLanguage":"ru-RU"}]}},"amp_enabled":true,"_links":{"self":[{"href":"https:\/\/bk-site-amp10.top\/wp-json\/wp\/v2\/pages\/1595","targetHints":{"allow":["GET"]}}],"collection":[{"href":"https:\/\/bk-site-amp10.top\/wp-json\/wp\/v2\/pages"}],"about":[{"href":"https:\/\/bk-site-amp10.top\/wp-json\/wp\/v2\/types\/page"}],"author":[{"embeddable":true,"href":"https:\/\/bk-site-amp10.top\/wp-json\/wp\/v2\/users\/1"}],"replies":[{"embeddable":true,"href":"https:\/\/bk-site-amp10.top\/wp-json\/wp\/v2\/comments?post=1595"}],"version-history":[{"count":6,"href":"https:\/\/bk-site-amp10.top\/wp-json\/wp\/v2\/pages\/1595\/revisions"}],"predecessor-version":[{"id":1633,"href":"https:\/\/bk-site-amp10.top\/wp-json\/wp\/v2\/pages\/1595\/revisions\/1633"}],"wp:attachment":[{"href":"https:\/\/bk-site-amp10.top\/wp-json\/wp\/v2\/media?parent=1595"}],"curies":[{"name":"wp","href":"https:\/\/api.w.org\/{rel}","templated":true}]}}